{"id":14,"date":"2026-04-15T08:45:24","date_gmt":"2026-04-15T08:45:24","guid":{"rendered":"https:\/\/tset.dk\/?page_id=14"},"modified":"2026-04-15T08:45:24","modified_gmt":"2026-04-15T08:45:24","slug":"tset-dk","status":"publish","type":"page","link":"https:\/\/tset.dk\/","title":{"rendered":"TSet.DK"},"content":{"rendered":"\n<div class=\"wp-block-columns is-layout-flex wp-container-core-columns-is-layout-9d6595d7 wp-block-columns-is-layout-flex\">\n<div class=\"wp-block-column is-layout-flow wp-block-column-is-layout-flow\">\n\n\n<p>Supporten &#8211; Det generelle, det akutte og det specielle<\/p>\n<\/div>\n\n\n\n<div class=\"wp-block-column is-layout-flow wp-block-column-is-layout-flow\">\n\n\n<p>Driften &#8211; De ting der skal k\u00f8rer hver dag<\/p>\n<\/div>\n\n\n\n<div class=\"wp-block-column is-layout-flow wp-block-column-is-layout-flow\">\n\n\n<p>Inspirationen &#8211; Kunsten at g\u00f8re ideer til l\u00f8sninger<\/p>\n<\/div>\n<\/div>\n\n\n\n<p>TSet tilbyder OffLoading inden for IT i Norden, men hvad er &#8220;OffLoading&#8221;?<\/p>\n\n\n\n<p>Alle virksomheder sm\u00e5-og-store har idag et behov for IT, listen g\u00e5r fra at telefonen faktisk ringer og g\u00e5r hele vejen til det der helt specielle der f\u00e5r lige n\u00f8jagtig din virksomhed til at trille. Imellem de punkter er der et hav af bev\u00e6gelige dele som &#8216;IT&#8217; tager sig af.<\/p>\n\n\n\n<p>OffLoading er stedet hvor noget helt nyt starter. <br>OffLoading er stedet hvor det uforudsete addresseres.<br>OffLoading er stedet hvor opgaver der kun skal g\u00f8res en gang l\u00f8ses.<br>OffLoading er stedet hvor sp\u00f8rgsm\u00e5let ender, hvis ingen kender svaret.<br>OffLoading er stedet hvor opgaver som l\u00f8bende vedligeholdelse varetages.<\/p>\n","protected":false},"excerpt":{"rendered":"<p>Supporten &#8211; Det generelle, det akutte og det specielle Driften &#8211; De ting der skal k\u00f8rer hver dag Inspirationen &#8211; Kunsten at g\u00f8re ideer til l\u00f8sninger TSet tilbyder OffLoading inden for IT i Norden, men hvad er &#8220;OffLoading&#8221;? Alle virksomheder sm\u00e5-og-store har idag et behov for IT, listen g\u00e5r fra at telefonen faktisk ringer og &#8230; <a title=\"TSet.DK\" class=\"read-more\" href=\"https:\/\/tset.dk\/\" aria-label=\"Read more about TSet.DK\">L\u00e6s mere <\/a><\/p>\n","protected":false},"author":1,"featured_media":0,"parent":0,"menu_order":0,"comment_status":"closed","ping_status":"closed","template":"","meta":{"footnotes":""},"class_list":["post-14","page","type-page","status-publish"],"yoast_head":"<!-- This site is optimized with the Yoast SEO plugin v27.3 - https:\/\/yoast.com\/product\/yoast-seo-wordpress\/ -->\n<title>TSet.DK - TSet.DK<\/title>\n<meta name=\"robots\" content=\"noindex, follow, max-snippet:-1, max-image-preview:large, max-video-preview:-1\" \/>\n<meta property=\"og:locale\" content=\"da_DK\" \/>\n<meta property=\"og:type\" content=\"article\" \/>\n<meta property=\"og:title\" content=\"TSet.DK - TSet.DK\" \/>\n<meta property=\"og:description\" content=\"Supporten &#8211; Det generelle, det akutte og det specielle Driften &#8211; De ting der skal k\u00f8rer hver dag Inspirationen &#8211; Kunsten at g\u00f8re ideer til l\u00f8sninger TSet tilbyder OffLoading inden for IT i Norden, men hvad er &#8220;OffLoading&#8221;? Alle virksomheder sm\u00e5-og-store har idag et behov for IT, listen g\u00e5r fra at telefonen faktisk ringer og ... L\u00e6s mere\" \/>\n<meta property=\"og:url\" content=\"https:\/\/tset.dk\/\" \/>\n<meta property=\"og:site_name\" content=\"TSet.DK\" \/>\n<meta name=\"twitter:card\" content=\"summary_large_image\" \/>\n<meta name=\"twitter:label1\" content=\"Estimeret l\u00e6setid\" \/>\n\t<meta name=\"twitter:data1\" content=\"2 minutter\" \/>\n<script type=\"application\/ld+json\" class=\"yoast-schema-graph\">{\"@context\":\"https:\\\/\\\/schema.org\",\"@graph\":[{\"@type\":\"WebPage\",\"@id\":\"https:\\\/\\\/tset.dk\\\/\",\"url\":\"https:\\\/\\\/tset.dk\\\/\",\"name\":\"TSet.DK - TSet.DK\",\"isPartOf\":{\"@id\":\"https:\\\/\\\/tset.dk\\\/#website\"},\"datePublished\":\"2026-04-15T08:45:24+00:00\",\"breadcrumb\":{\"@id\":\"https:\\\/\\\/tset.dk\\\/#breadcrumb\"},\"inLanguage\":\"da-DK\",\"potentialAction\":[{\"@type\":\"ReadAction\",\"target\":[\"https:\\\/\\\/tset.dk\\\/\"]}]},{\"@type\":\"BreadcrumbList\",\"@id\":\"https:\\\/\\\/tset.dk\\\/#breadcrumb\",\"itemListElement\":[{\"@type\":\"ListItem\",\"position\":1,\"name\":\"Hjem\",\"item\":\"https:\\\/\\\/tset.dk\\\/\"},{\"@type\":\"ListItem\",\"position\":2,\"name\":\"TSet.DK\"}]},{\"@type\":\"WebSite\",\"@id\":\"https:\\\/\\\/tset.dk\\\/#website\",\"url\":\"https:\\\/\\\/tset.dk\\\/\",\"name\":\"TSet.DK\",\"description\":\"\",\"potentialAction\":[{\"@type\":\"SearchAction\",\"target\":{\"@type\":\"EntryPoint\",\"urlTemplate\":\"https:\\\/\\\/tset.dk\\\/?s={search_term_string}\"},\"query-input\":{\"@type\":\"PropertyValueSpecification\",\"valueRequired\":true,\"valueName\":\"search_term_string\"}}],\"inLanguage\":\"da-DK\"}]}<\/script>\n<!-- \/ Yoast SEO plugin. -->","yoast_head_json":{"title":"TSet.DK - TSet.DK","robots":{"index":"noindex","follow":"follow","max-snippet":"max-snippet:-1","max-image-preview":"max-image-preview:large","max-video-preview":"max-video-preview:-1"},"og_locale":"da_DK","og_type":"article","og_title":"TSet.DK - TSet.DK","og_description":"Supporten &#8211; Det generelle, det akutte og det specielle Driften &#8211; De ting der skal k\u00f8rer hver dag Inspirationen &#8211; Kunsten at g\u00f8re ideer til l\u00f8sninger TSet tilbyder OffLoading inden for IT i Norden, men hvad er &#8220;OffLoading&#8221;? Alle virksomheder sm\u00e5-og-store har idag et behov for IT, listen g\u00e5r fra at telefonen faktisk ringer og ... L\u00e6s mere","og_url":"https:\/\/tset.dk\/","og_site_name":"TSet.DK","twitter_card":"summary_large_image","twitter_misc":{"Estimeret l\u00e6setid":"2 minutter"},"schema":{"@context":"https:\/\/schema.org","@graph":[{"@type":"WebPage","@id":"https:\/\/tset.dk\/","url":"https:\/\/tset.dk\/","name":"TSet.DK - TSet.DK","isPartOf":{"@id":"https:\/\/tset.dk\/#website"},"datePublished":"2026-04-15T08:45:24+00:00","breadcrumb":{"@id":"https:\/\/tset.dk\/#breadcrumb"},"inLanguage":"da-DK","potentialAction":[{"@type":"ReadAction","target":["https:\/\/tset.dk\/"]}]},{"@type":"BreadcrumbList","@id":"https:\/\/tset.dk\/#breadcrumb","itemListElement":[{"@type":"ListItem","position":1,"name":"Hjem","item":"https:\/\/tset.dk\/"},{"@type":"ListItem","position":2,"name":"TSet.DK"}]},{"@type":"WebSite","@id":"https:\/\/tset.dk\/#website","url":"https:\/\/tset.dk\/","name":"TSet.DK","description":"","potentialAction":[{"@type":"SearchAction","target":{"@type":"EntryPoint","urlTemplate":"https:\/\/tset.dk\/?s={search_term_string}"},"query-input":{"@type":"PropertyValueSpecification","valueRequired":true,"valueName":"search_term_string"}}],"inLanguage":"da-DK"}]}},"_links":{"self":[{"href":"https:\/\/tset.dk\/index.php\/wp-json\/wp\/v2\/pages\/14","targetHints":{"allow":["GET"]}}],"collection":[{"href":"https:\/\/tset.dk\/index.php\/wp-json\/wp\/v2\/pages"}],"about":[{"href":"https:\/\/tset.dk\/index.php\/wp-json\/wp\/v2\/types\/page"}],"author":[{"embeddable":true,"href":"https:\/\/tset.dk\/index.php\/wp-json\/wp\/v2\/users\/1"}],"replies":[{"embeddable":true,"href":"https:\/\/tset.dk\/index.php\/wp-json\/wp\/v2\/comments?post=14"}],"version-history":[{"count":2,"href":"https:\/\/tset.dk\/index.php\/wp-json\/wp\/v2\/pages\/14\/revisions"}],"predecessor-version":[{"id":16,"href":"https:\/\/tset.dk\/index.php\/wp-json\/wp\/v2\/pages\/14\/revisions\/16"}],"wp:attachment":[{"href":"https:\/\/tset.dk\/index.php\/wp-json\/wp\/v2\/media?parent=14"}],"curies":[{"name":"wp","href":"https:\/\/api.w.org\/{rel}","templated":true}]}}